{"id":1024,"date":"2023-12-04T13:13:47","date_gmt":"2023-12-04T13:13:47","guid":{"rendered":"https:\/\/fitlife.ee\/kuressaare\/?post_type=product&#038;p=1024"},"modified":"2025-06-17T18:14:45","modified_gmt":"2025-06-17T18:14:45","slug":"10x-paase","status":"publish","type":"product","link":"https:\/\/fitlife.ee\/kuressaare\/toode\/10x-paase\/","title":{"rendered":"10x P\u00c4\u00c4SE"},"content":{"rendered":"","protected":false},"excerpt":{"rendered":"<p>Saad k\u00e4ia 10 korda FitLife treeningutes.<br \/>\nLiikmetasu ei rakendu.<br \/>\nKaart kehtib kaks kuud.<\/p>\n","protected":false},"featured_media":1212,"template":"","meta":{"site-sidebar-layout":"default","site-content-layout":"default","ast-main-header-display":"","ast-hfb-above-header-display":"","ast-hfb-below-header-display":"","ast-hfb-mobile-header-display":"","site-post-title":"","ast-breadcrumbs-content":"","ast-featured-img":"","footer-sml-layout":"","theme-transparent-header-meta":"","adv-header-id-meta":"","stick-header-meta":"","header-above-stick-meta":"","header-main-stick-meta":"","header-below-stick-meta":""},"product_cat":[21],"product_tag":[],"class_list":["post-1024","product","type-product","status-publish","has-post-thumbnail","hentry","product_cat-maaramata","wcpa_has_options"],"yoast_head":"<!-- This site is optimized with the Yoast SEO plugin v20.0 - https:\/\/yoast.com\/wordpress\/plugins\/seo\/ -->\n<title>10x P\u00c4\u00c4SE - FitLife KURESSAARE<\/title>\n<meta name=\"robots\" content=\"index, follow, max-snippet:-1, max-image-preview:large, max-video-preview:-1\" \/>\n<link rel=\"canonical\" href=\"https:\/\/fitlife.ee\/kuressaare\/toode\/10x-paase\/\" \/>\n<meta property=\"og:locale\" content=\"et_EE\" \/>\n<meta property=\"og:type\" content=\"article\" \/>\n<meta property=\"og:title\" content=\"10x P\u00c4\u00c4SE - FitLife KURESSAARE\" \/>\n<meta property=\"og:description\" content=\"Saad k\u00e4ia 10 korda FitLife treeningutes. Liikmetasu ei rakendu. Kaart kehtib kaks kuud.\" \/>\n<meta property=\"og:url\" content=\"https:\/\/fitlife.ee\/kuressaare\/toode\/10x-paase\/\" \/>\n<meta property=\"og:site_name\" content=\"FitLife KURESSAARE\" \/>\n<meta property=\"article:modified_time\" content=\"2025-06-17T18:14:45+00:00\" \/>\n<meta property=\"og:image\" content=\"https:\/\/fitlife.ee\/kuressaare\/wp-content\/uploads\/2023\/12\/10x-kaart-FitLife-scaled.jpg\" \/>\n\t<meta property=\"og:image:width\" content=\"2048\" \/>\n\t<meta property=\"og:image:height\" content=\"2560\" \/>\n\t<meta property=\"og:image:type\" content=\"image\/jpeg\" \/>\n<meta name=\"twitter:card\" content=\"summary_large_image\" \/>\n<script type=\"application\/ld+json\" class=\"yoast-schema-graph\">{\"@context\":\"https:\/\/schema.org\",\"@graph\":[{\"@type\":\"WebPage\",\"@id\":\"https:\/\/fitlife.ee\/kuressaare\/toode\/10x-paase\/\",\"url\":\"https:\/\/fitlife.ee\/kuressaare\/toode\/10x-paase\/\",\"name\":\"10x P\u00c4\u00c4SE - FitLife KURESSAARE\",\"isPartOf\":{\"@id\":\"https:\/\/fitlife.ee\/kuressaare\/#website\"},\"datePublished\":\"2023-12-04T13:13:47+00:00\",\"dateModified\":\"2025-06-17T18:14:45+00:00\",\"breadcrumb\":{\"@id\":\"https:\/\/fitlife.ee\/kuressaare\/toode\/10x-paase\/#breadcrumb\"},\"inLanguage\":\"et\",\"potentialAction\":[{\"@type\":\"ReadAction\",\"target\":[\"https:\/\/fitlife.ee\/kuressaare\/toode\/10x-paase\/\"]}]},{\"@type\":\"BreadcrumbList\",\"@id\":\"https:\/\/fitlife.ee\/kuressaare\/toode\/10x-paase\/#breadcrumb\",\"itemListElement\":[{\"@type\":\"ListItem\",\"position\":1,\"name\":\"Home\",\"item\":\"https:\/\/fitlife.ee\/kuressaare\/\"},{\"@type\":\"ListItem\",\"position\":2,\"name\":\"Liitumine treeningutega\",\"item\":\"https:\/\/fitlife.ee\/kuressaare\/liitumine\/\"},{\"@type\":\"ListItem\",\"position\":3,\"name\":\"10x P\u00c4\u00c4SE\"}]},{\"@type\":\"WebSite\",\"@id\":\"https:\/\/fitlife.ee\/kuressaare\/#website\",\"url\":\"https:\/\/fitlife.ee\/kuressaare\/\",\"name\":\"FitLife KURESSAARE\",\"description\":\"Treeningud Sinule\",\"potentialAction\":[{\"@type\":\"SearchAction\",\"target\":{\"@type\":\"EntryPoint\",\"urlTemplate\":\"https:\/\/fitlife.ee\/kuressaare\/?s={search_term_string}\"},\"query-input\":\"required name=search_term_string\"}],\"inLanguage\":\"et\"}]}<\/script>\n<!-- \/ Yoast SEO plugin. -->","yoast_head_json":{"title":"10x P\u00c4\u00c4SE - FitLife KURESSAARE","robots":{"index":"index","follow":"follow","max-snippet":"max-snippet:-1","max-image-preview":"max-image-preview:large","max-video-preview":"max-video-preview:-1"},"canonical":"https:\/\/fitlife.ee\/kuressaare\/toode\/10x-paase\/","og_locale":"et_EE","og_type":"article","og_title":"10x P\u00c4\u00c4SE - FitLife KURESSAARE","og_description":"Saad k\u00e4ia 10 korda FitLife treeningutes. Liikmetasu ei rakendu. Kaart kehtib kaks kuud.","og_url":"https:\/\/fitlife.ee\/kuressaare\/toode\/10x-paase\/","og_site_name":"FitLife KURESSAARE","article_modified_time":"2025-06-17T18:14:45+00:00","og_image":[{"width":2048,"height":2560,"url":"https:\/\/fitlife.ee\/kuressaare\/wp-content\/uploads\/2023\/12\/10x-kaart-FitLife-scaled.jpg","type":"image\/jpeg"}],"twitter_card":"summary_large_image","schema":{"@context":"https:\/\/schema.org","@graph":[{"@type":"WebPage","@id":"https:\/\/fitlife.ee\/kuressaare\/toode\/10x-paase\/","url":"https:\/\/fitlife.ee\/kuressaare\/toode\/10x-paase\/","name":"10x P\u00c4\u00c4SE - FitLife KURESSAARE","isPartOf":{"@id":"https:\/\/fitlife.ee\/kuressaare\/#website"},"datePublished":"2023-12-04T13:13:47+00:00","dateModified":"2025-06-17T18:14:45+00:00","breadcrumb":{"@id":"https:\/\/fitlife.ee\/kuressaare\/toode\/10x-paase\/#breadcrumb"},"inLanguage":"et","potentialAction":[{"@type":"ReadAction","target":["https:\/\/fitlife.ee\/kuressaare\/toode\/10x-paase\/"]}]},{"@type":"BreadcrumbList","@id":"https:\/\/fitlife.ee\/kuressaare\/toode\/10x-paase\/#breadcrumb","itemListElement":[{"@type":"ListItem","position":1,"name":"Home","item":"https:\/\/fitlife.ee\/kuressaare\/"},{"@type":"ListItem","position":2,"name":"Liitumine treeningutega","item":"https:\/\/fitlife.ee\/kuressaare\/liitumine\/"},{"@type":"ListItem","position":3,"name":"10x P\u00c4\u00c4SE"}]},{"@type":"WebSite","@id":"https:\/\/fitlife.ee\/kuressaare\/#website","url":"https:\/\/fitlife.ee\/kuressaare\/","name":"FitLife KURESSAARE","description":"Treeningud Sinule","potentialAction":[{"@type":"SearchAction","target":{"@type":"EntryPoint","urlTemplate":"https:\/\/fitlife.ee\/kuressaare\/?s={search_term_string}"},"query-input":"required name=search_term_string"}],"inLanguage":"et"}]}},"_links":{"self":[{"href":"https:\/\/fitlife.ee\/kuressaare\/wp-json\/wp\/v2\/product\/1024","targetHints":{"allow":["GET"]}}],"collection":[{"href":"https:\/\/fitlife.ee\/kuressaare\/wp-json\/wp\/v2\/product"}],"about":[{"href":"https:\/\/fitlife.ee\/kuressaare\/wp-json\/wp\/v2\/types\/product"}],"wp:featuredmedia":[{"embeddable":true,"href":"https:\/\/fitlife.ee\/kuressaare\/wp-json\/wp\/v2\/media\/1212"}],"wp:attachment":[{"href":"https:\/\/fitlife.ee\/kuressaare\/wp-json\/wp\/v2\/media?parent=1024"}],"wp:term":[{"taxonomy":"product_cat","embeddable":true,"href":"https:\/\/fitlife.ee\/kuressaare\/wp-json\/wp\/v2\/product_cat?post=1024"},{"taxonomy":"product_tag","embeddable":true,"href":"https:\/\/fitlife.ee\/kuressaare\/wp-json\/wp\/v2\/product_tag?post=1024"}],"curies":[{"name":"wp","href":"https:\/\/api.w.org\/{rel}","templated":true}]}}