{"id":7310,"date":"2026-02-11T14:41:45","date_gmt":"2026-02-11T12:41:45","guid":{"rendered":"https:\/\/fitlife.ee\/eeden\/?page_id=7310"},"modified":"2026-02-11T14:43:48","modified_gmt":"2026-02-11T12:43:48","slug":"korduma-kippuvad-kusimused","status":"publish","type":"page","link":"https:\/\/fitlife.ee\/eeden\/korduma-kippuvad-kusimused\/","title":{"rendered":"Korduma kippuvad k\u00fcsimused"},"content":{"rendered":"<p>[et_pb_section fb_built=&#8221;1&#8243; custom_padding_last_edited=&#8221;off|desktop&#8221; admin_label=&#8221;Header&#8221; _builder_version=&#8221;4.16&#8243; background_color=&#8221;#2a2e40&#8243; use_background_color_gradient=&#8221;on&#8221; background_color_gradient_type=&#8221;circular&#8221; background_color_gradient_direction_radial=&#8221;top right&#8221; background_color_gradient_stops=&#8221;rgba(42,46,64,0.34) 0%|#2a2e40 90%&#8221; background_color_gradient_overlays_image=&#8221;on&#8221; background_color_gradient_start=&#8221;rgba(42,46,64,0.34)&#8221; background_color_gradient_end=&#8221;#2a2e40&#8243; background_color_gradient_end_position=&#8221;90%&#8221; background_image=&#8221;https:\/\/fitlife.ee\/eeden\/wp-content\/uploads\/2020\/05\/fitlife-treeningud.jpg&#8221; background_position=&#8221;top_right&#8221; custom_margin=&#8221;-300px||||false|false&#8221; custom_margin_tablet=&#8221;&#8221; custom_margin_phone=&#8221;&#8221; custom_margin_last_edited=&#8221;on|phone&#8221; custom_padding=&#8221;||0px&#8221; custom_padding_tablet=&#8221;0vw||&#8221; custom_padding_phone=&#8221;0vw||&#8221; collapsed=&#8221;on&#8221; global_colors_info=&#8221;{}&#8221;][et_pb_row module_class=&#8221; et_pb_row_fullwidth&#8221; _builder_version=&#8221;4.16&#8243; width=&#8221;89%&#8221; width_tablet=&#8221;80%&#8221; width_phone=&#8221;&#8221; width_last_edited=&#8221;on|desktop&#8221; max_width=&#8221;89%&#8221; max_width_tablet=&#8221;80%&#8221; max_width_phone=&#8221;&#8221; max_width_last_edited=&#8221;on|desktop&#8221; custom_margin=&#8221;200px||||false|false&#8221; mix_blend_mode=&#8221;overlay&#8221; make_fullwidth=&#8221;on&#8221; global_colors_info=&#8221;{}&#8221;][et_pb_column type=&#8221;4_4&#8243; _builder_version=&#8221;4.16&#8243; custom_padding=&#8221;|||&#8221; global_colors_info=&#8221;{}&#8221; custom_padding__hover=&#8221;|||&#8221;][et_pb_text _builder_version=&#8221;4.16&#8243; text_font=&#8221;||||||||&#8221; text_text_color=&#8221;rgba(255,255,255,0.5)&#8221; text_font_size=&#8221;10vw&#8221; text_line_height=&#8221;0em&#8221; header_font=&#8221;Oswald|||on|||||&#8221; header_font_size=&#8221;80px&#8221; header_letter_spacing=&#8221;20px&#8221; header_line_height=&#8221;1.2em&#8221; background_layout=&#8221;dark&#8221; custom_margin=&#8221;||0.1em||false|false&#8221; custom_margin_phone=&#8221;||0em&#8221; custom_margin_last_edited=&#8221;off|desktop&#8221; filter_blur=&#8221;5px&#8221; animation_style=&#8221;slide&#8221; animation_direction=&#8221;left&#8221; animation_duration=&#8221;2000ms&#8221; animation_intensity_slide=&#8221;2%&#8221; text_font_size_tablet=&#8221;30vw&#8221; text_font_size_phone=&#8221;&#8221; text_font_size_last_edited=&#8221;on|desktop&#8221; header_font_size_tablet=&#8221;40px&#8221; header_font_size_phone=&#8221;30px&#8221; header_font_size_last_edited=&#8221;on|desktop&#8221; global_colors_info=&#8221;{}&#8221;]<\/p>\n<p>FitLife<\/p>\n<p>[\/et_pb_text][\/et_pb_column][\/et_pb_row][et_pb_row _builder_version=&#8221;4.16&#8243; module_alignment=&#8221;left&#8221; custom_padding=&#8221;0|0px|0|0px|true|false&#8221; global_colors_info=&#8221;{}&#8221;][et_pb_column type=&#8221;4_4&#8243; _builder_version=&#8221;4.16&#8243; custom_padding=&#8221;|||&#8221; global_colors_info=&#8221;{}&#8221; custom_padding__hover=&#8221;|||&#8221;][et_pb_divider color=&#8221;rgba(255,255,255,0.31)&#8221; divider_style=&#8221;dashed&#8221; _builder_version=&#8221;4.16&#8243; custom_padding=&#8221;50px||||false|false&#8221; global_colors_info=&#8221;{}&#8221;][\/et_pb_divider][\/et_pb_column][\/et_pb_row][et_pb_row custom_padding_last_edited=&#8221;on|desktop&#8221; _builder_version=&#8221;4.16&#8243; width=&#8221;90%&#8221; max_width=&#8221;90%&#8221; custom_margin=&#8221;||&#8221; custom_padding=&#8221;||50px|10%|false|false&#8221; custom_padding_tablet=&#8221;||40px|0%&#8221; custom_padding_phone=&#8221;&#8221; use_custom_width=&#8221;on&#8221; width_unit=&#8221;off&#8221; custom_width_percent=&#8221;90%&#8221; global_colors_info=&#8221;{}&#8221;][et_pb_column type=&#8221;4_4&#8243; _builder_version=&#8221;4.16&#8243; custom_padding=&#8221;|||&#8221; global_colors_info=&#8221;{}&#8221; custom_padding__hover=&#8221;|||&#8221;][et_pb_post_title meta=&#8221;off&#8221; featured_image=&#8221;off&#8221; _builder_version=&#8221;4.16&#8243; _module_preset=&#8221;default&#8221; title_font=&#8221;|300||on|||||&#8221; title_text_color=&#8221;#ffffff&#8221; title_letter_spacing=&#8221;5px&#8221; title_font_size_tablet=&#8221;&#8221; title_font_size_phone=&#8221;18px&#8221; title_font_size_last_edited=&#8221;on|phone&#8221; title_letter_spacing_tablet=&#8221;&#8221; title_letter_spacing_phone=&#8221;3px&#8221; title_letter_spacing_last_edited=&#8221;on|phone&#8221; global_colors_info=&#8221;{}&#8221;][\/et_pb_post_title][\/et_pb_column][\/et_pb_row][\/et_pb_section][et_pb_section fb_built=&#8221;1&#8243; _builder_version=&#8221;4.27.4&#8243; _module_preset=&#8221;default&#8221; global_colors_info=&#8221;{}&#8221; theme_builder_area=&#8221;post_content&#8221;][et_pb_row _builder_version=&#8221;4.27.4&#8243; _module_preset=&#8221;default&#8221; global_colors_info=&#8221;{}&#8221; theme_builder_area=&#8221;post_content&#8221;][et_pb_column type=&#8221;4_4&#8243; _builder_version=&#8221;4.27.4&#8243; _module_preset=&#8221;default&#8221; global_colors_info=&#8221;{}&#8221; theme_builder_area=&#8221;post_content&#8221;][et_pb_text _builder_version=&#8221;4.27.4&#8243; _module_preset=&#8221;default&#8221; text_text_color=&#8221;#ffffff&#8221; header_2_font=&#8221;|300|||||||&#8221; header_2_text_color=&#8221;#01273d&#8221; header_2_font_size=&#8221;36px&#8221; header_2_letter_spacing=&#8221;1px&#8221; header_3_font=&#8221;|300|||||||&#8221; header_3_text_color=&#8221;#01273d&#8221; header_3_font_size=&#8221;50px&#8221; background_layout=&#8221;dark&#8221; custom_margin=&#8221;3px||4px|||&#8221; custom_padding=&#8221;0px||||false|false&#8221; custom_padding_tablet=&#8221;||||false|false&#8221; custom_padding_phone=&#8221;||||false|false&#8221; custom_padding_last_edited=&#8221;on|phone&#8221; header_2_font_size_tablet=&#8221;&#8221; header_2_font_size_phone=&#8221;24px&#8221; header_2_font_size_last_edited=&#8221;on|phone&#8221; global_colors_info=&#8221;{}&#8221; theme_builder_area=&#8221;post_content&#8221;]<\/p>\n<h3 style=\"text-align: center;\">KKK<\/h3>\n<h2 style=\"text-align: center;\">Korduma kippuvad k\u00fcsimused<\/h2>\n<p>[\/et_pb_text][et_pb_accordion _builder_version=&#8221;4.27.4&#8243; _module_preset=&#8221;default&#8221; global_colors_info=&#8221;{}&#8221; theme_builder_area=&#8221;post_content&#8221;][et_pb_accordion_item title=&#8221;Kuidas l\u00f5petada lepingut?&#8221; open=&#8221;on&#8221; _builder_version=&#8221;4.27.4&#8243; _module_preset=&#8221;default&#8221; global_colors_info=&#8221;{}&#8221; theme_builder_area=&#8221;post_content&#8221;]<\/p>\n<p class=\"p3\"><span class=\"s2\"><span>Spordiklubis kehtib 30-p\u00e4evane etteteatamine.\u00a0<\/span><\/span><span><o:p><\/o:p><\/span><\/p>\n<ul type=\"disc\">\n<li class=\"li3\"><span class=\"s2\"><span>T\u00e4htajatut lepingut saab korraliselt \u00fcles \u00f6elda 30 p\u00e4evase etteteatamisega vabas vormis teate saatmisega aadressile\u00a0<\/span><\/span><a href=\"mailto:tartu@fitlife.ee\"><span>tartu@fitlife.ee<\/span><\/a><span class=\"s2\"><span>.\u00a0<\/span><\/span><span><o:p><\/o:p><\/span><\/li>\n<li class=\"li3\"><span class=\"s2\"><span>P\u00fcsimaksega leping kehtib seni kuni on avaldatud soov lepingut l\u00f5petatud!<\/span><\/span><\/li>\n<\/ul>\n<p>[\/et_pb_accordion_item][et_pb_accordion_item title=&#8221;Kuidas aktiveerida Stebby piletit?&#8221; _builder_version=&#8221;4.27.4&#8243; _module_preset=&#8221;default&#8221; global_colors_info=&#8221;{}&#8221; theme_builder_area=&#8221;post_content&#8221; open=&#8221;off&#8221;]<\/p>\n<p class=\"p3\"><span class=\"s2\"><span>Stebby pileti aktiveerimiseks teavitada pileti ostust klienditeenindust vabas vormis teatega aadressile\u00a0<\/span><\/span><a href=\"mailto:tartu@fitlife.ee\"><span>tartu@fitlife.ee<\/span><\/a><span class=\"s2\"><span>.\u00a0\u00a0<\/span><\/span><span><o:p><\/o:p><\/span><\/p>\n<p class=\"p3\"><span class=\"s2\"><span>Pileti kinnitamiseks ning aktiveerimiseks on vajalik olemasolev FitLife konto. Kui konto puudub, siis saame sellega vormistada e-kirja teel. Selleks lisa kirjale:<\/span><\/span><span><o:p><\/o:p><\/span><\/p>\n<ul type=\"disc\">\n<li class=\"li3\"><span class=\"s2\"><span>ees- ja perekonnanimi<\/span><\/span><span><o:p><\/o:p><\/span><\/li>\n<li class=\"li3\"><span class=\"s2\"><span>isikukood<\/span><\/span><span><o:p><\/o:p><\/span><\/li>\n<li class=\"li3\"><span class=\"s2\"><span>e-post\u00a0<\/span><\/span><span><o:p><\/o:p><\/span><\/li>\n<li class=\"li3\"><span class=\"s2\"><span>telefoninumber<\/span><\/span><\/li>\n<\/ul>\n<p>[\/et_pb_accordion_item][et_pb_accordion_item title=&#8221;Kuidas toimub tasumine Stebby piletiga? (p\u00fcsimaksega)&#8221; _builder_version=&#8221;4.27.4&#8243; _module_preset=&#8221;default&#8221; global_colors_info=&#8221;{}&#8221; theme_builder_area=&#8221;post_content&#8221; open=&#8221;off&#8221;]<\/p>\n<p class=\"p3\"><span class=\"s2\"><span>Kui oled soetanud Stebby kaudu p\u00fcsimaksega pilti, siis v\u00f5etakse vajalik summa automaatselt iga kuu l\u00f5pus Teie Stebby kontolt maha.\u00a0<\/span><\/span><span><\/p>\n<p><span class=\"s2\">Kui Stebby kontol on liiga v\u00e4he vahendeid, vormistatakse eraldi arve, mis tuleb tasuda panga\u00fclekandega.\u00a0<\/span><o:p><\/o:p><\/span><\/p>\n<p class=\"p3\"><span class=\"s2\"><span>Kui teate, et Teil on igakuiselt puuduj\u00e4\u00e4ke, siis palume\u00a0<\/span><\/span><span class=\"apple-converted-space\"><span>\u00a0<\/span><\/span><span class=\"s2\"><span>kanda vajalik summa Stebby kontole!<\/span><\/span><\/p>\n<p>[\/et_pb_accordion_item][et_pb_accordion_item title=&#8221;Kuidas kinkekaarti aktiveerida?&#8221; _builder_version=&#8221;4.27.4&#8243; _module_preset=&#8221;default&#8221; global_colors_info=&#8221;{}&#8221; theme_builder_area=&#8221;post_content&#8221; open=&#8221;off&#8221;]<\/p>\n<p><span class=\"s2\"><span>Kinkekaarti saab aktiveerida\u00a0<\/span><\/span><span class=\"apple-converted-space\"><span>\u00a0<\/span><\/span><span class=\"s2\"><span>klienditeenindus lahtiolekuaegadel. Kinkekaardi aktiveerimiseks on vajalik paberkandal kinkekaarti ning ID-kaarti.\u00a0\u00a0<\/span><\/span><\/p>\n<p>[\/et_pb_accordion_item][et_pb_accordion_item title=&#8221;Kuidas FitLife siseneda?&#8221; _builder_version=&#8221;4.27.4&#8243; _module_preset=&#8221;default&#8221; global_colors_info=&#8221;{}&#8221; theme_builder_area=&#8221;post_content&#8221; open=&#8221;off&#8221;]<\/p>\n<p class=\"p3\"><span class=\"s2\"><span>FitLife saab siseneda ID-kaardiga v\u00f5i FitLife \u00e4ppiga.\u00a0<\/span><\/span><span><o:p><\/o:p><\/span><span><o:p>\u00a0<\/o:p><\/span><\/p>\n<p class=\"p3\"><span class=\"s2\"><span>ID-kaardiga iseregistreerimine<\/span><\/span><span><o:p><\/o:p><\/span><\/p>\n<ol start=\"1\" type=\"1\">\n<li class=\"li3\"><span class=\"s2\"><span>Sisesta ID-kaart iseregistreerimisekraani lugrisse<\/span><\/span><span><o:p><\/o:p><\/span><\/li>\n<li class=\"li3\"><span class=\"s2\"><span>Vali \u201cr\u00fchmatreening\u201d v\u00f5i \u201cj\u00f5usaal\u201d<\/span><\/span><span><o:p><\/o:p><\/span><\/li>\n<li class=\"li3\"><span class=\"s2\"><span>Kinnita valik sinise linnukesega<\/span><\/span><span><o:p><\/o:p><\/span><\/li>\n<li class=\"li3\"><span class=\"s2\"><span>Mine turnikee juurde ning n\u00e4ita QR-koodilugerile ID-kaardi tagak\u00fcljel olevat triipkoodi (EST ja kiibi vahel)<\/span><\/span><\/li>\n<\/ol>\n<p class=\"p3\"><span class=\"s2\"><span>\u00c4ppiga iseregistreerimine<\/span><\/span><span><o:p><\/o:p><\/span><\/p>\n<ol start=\"1\" type=\"1\">\n<li class=\"li3\"><span class=\"s2\"><span>N\u00e4ita QR-koosi iseregistreerimis ekraani QR-koodilugerile<\/span><\/span><span><o:p><\/o:p><\/span><\/li>\n<li class=\"li3\"><span class=\"s2\"><span>Vali \u201cr\u00fchmatreening\u201d v\u00f5i \u201cj\u00f5usaal\u201d<\/span><\/span><span><o:p><\/o:p><\/span><\/li>\n<li class=\"li3\"><span class=\"s2\"><span>Kinnita valik sinise linnukesega<\/span><\/span><span><o:p><\/o:p><\/span><\/li>\n<li class=\"li3\"><span class=\"s2\"><span>Mine turnikee juurde ning n\u00e4ita QR-koodilugerile\u00a0<\/span><\/span><\/li>\n<\/ol>\n<p>[\/et_pb_accordion_item][et_pb_accordion_item title=&#8221;Kuidas FitLife sisenda ajal, millal Eeden on suletud?&#8221; _builder_version=&#8221;4.27.4&#8243; _module_preset=&#8221;default&#8221; global_colors_info=&#8221;{}&#8221; theme_builder_area=&#8221;post_content&#8221; open=&#8221;off&#8221;]<\/p>\n<p class=\"p3\"><span class=\"s2\"><span>Sisenemine toimub parklapoolsest<\/span><\/span><span class=\"s3\"><b><span>\u00a0<\/span><\/b><\/span><span class=\"s2\"><span>uksest, millel on suur FitLife logo. Sisenda saab ID-kaardiga kui ka FitLife \u00e4ppiga.<\/span><\/span><span><o:p><\/o:p><\/span><\/p>\n<p class=\"p3\"><span class=\"s3\"><b><span>ID-kaardiga:<\/span><\/b><\/span><span class=\"s2\"><span>\u00a0n\u00e4ita QR-koodilugerile ID-kaardi tagak\u00fcljel olevat triipkoodi (EST ja kiibi vahel).<\/span><\/span><span><o:p><\/o:p><\/span><\/p>\n<p class=\"p3\"><span class=\"s3\"><b><span>\u00c4piga:<\/span><\/b><\/span><span class=\"s2\"><span>\u00a0kasuta nuppe \u201cV\u00e4lisuks\u201d ja \u201cSiseuks\u201d v\u00f5i n\u00e4ita QR-koodilugerile oma QR-koodi.<\/span><\/span><\/p>\n<p>[\/et_pb_accordion_item][et_pb_accordion_item title=&#8221;Kuidas \u00e4ppi sisse logida?&#8221; _builder_version=&#8221;4.27.4&#8243; _module_preset=&#8221;default&#8221; global_colors_info=&#8221;{}&#8221; theme_builder_area=&#8221;post_content&#8221; open=&#8221;off&#8221;]<\/p>\n<p class=\"p3\"><span class=\"s2\"><span>\u00c4ppi sisenemiseks:<\/span><\/span><span><o:p><\/o:p><\/span><\/p>\n<ol start=\"1\" type=\"1\">\n<li class=\"li3\"><span class=\"s2\"><span>Valige\u00a0<\/span><\/span><span class=\"apple-converted-space\"><span>\u00a0<\/span><\/span><span class=\"s2\"><span>\u201cunustasin parooli\u201d<\/span><\/span><span><o:p><\/o:p><\/span><\/li>\n<li class=\"li3\"><span class=\"s2\"><span>Sisestage e-post<\/span><\/span><span><o:p><\/o:p><\/span><\/li>\n<li class=\"li3\"><span class=\"s2\"><span>Tellige muudatus<\/span><\/span><span><o:p><\/o:p><\/span><\/li>\n<li class=\"li3\"><span class=\"s2\"><span>Peale seda saadetakse Teile salas\u00f5na e-postile. Kopeerige salas\u00f5na ning logige sisse.\u00a0<\/span><\/span><\/li>\n<\/ol>\n<p>[\/et_pb_accordion_item][et_pb_accordion_item title=&#8221;Kuidas kappi lukustada?&#8221; _builder_version=&#8221;4.27.4&#8243; _module_preset=&#8221;default&#8221; global_colors_info=&#8221;{}&#8221; theme_builder_area=&#8221;post_content&#8221; open=&#8221;off&#8221;]<\/p>\n<p><span>Kapid on \u00fchiskasutuses, mis t\u00e4hendab, et p\u00e4rast treeningut tuleb need vabastada. Lukustamiseks on vajalik isiklik enda tabalukk.<\/span><\/p>\n<p>[\/et_pb_accordion_item][\/et_pb_accordion][\/et_pb_column][\/et_pb_row][\/et_pb_section][et_pb_section fb_built=&#8221;1&#8243; _builder_version=&#8221;4.16&#8243; use_background_color_gradient=&#8221;on&#8221; background_color_gradient_stops=&#8221;#ffffff 0%|rgba(255,255,255,0.86) 100%&#8221; background_color_gradient_overlays_image=&#8221;on&#8221; background_color_gradient_start=&#8221;#ffffff&#8221; background_color_gradient_end=&#8221;rgba(255,255,255,0.86)&#8221; background_image=&#8221;https:\/\/fitlife.ee\/eedenwp-content\/uploads\/2020\/05\/gym_10-1.jpg&#8221; custom_margin=&#8221;0px||||false|false&#8221; custom_padding=&#8221;0vw||6vw||false|false&#8221; global_colors_info=&#8221;{}&#8221; parallax_method_1__hover=&#8221;on&#8221; parallax_method_1__hover_enabled=&#8221;on&#8221; parallax_method_2__hover=&#8221;on&#8221; parallax_method_2__hover_enabled=&#8221;on&#8221; parallax_method_3__hover=&#8221;on&#8221; parallax_method_3__hover_enabled=&#8221;on&#8221; border_radii__hover=&#8221;on||||&#8221; border_radii__hover_enabled=&#8221;on||||&#8221; animation_repeat__hover=&#8221;once&#8221; animation_repeat__hover_enabled=&#8221;once&#8221;][\/et_pb_section]<\/p>\n","protected":false},"excerpt":{"rendered":"<p>FitLifeKKK Korduma kippuvad k\u00fcsimusedSpordiklubis kehtib 30-p\u00e4evane etteteatamine.\u00a0 T\u00e4htajatut lepingut saab korraliselt \u00fcles \u00f6elda 30 p\u00e4evase etteteatamisega vabas vormis teate saatmisega aadressile\u00a0tartu@fitlife.ee.\u00a0 P\u00fcsimaksega leping kehtib seni kuni on avaldatud soov lepingut l\u00f5petatud! Stebby pileti aktiveerimiseks teavitada pileti ostust klienditeenindust vabas vormis teatega aadressile\u00a0tartu@fitlife.ee.\u00a0\u00a0 Pileti kinnitamiseks ning aktiveerimiseks on vajalik olemasolev FitLife konto. Kui konto puudub, siis [&hellip;]<\/p>\n","protected":false},"author":1,"featured_media":0,"parent":0,"menu_order":0,"comment_status":"closed","ping_status":"closed","template":"","meta":{"_et_pb_use_builder":"on","_et_pb_old_content":"","_et_gb_content_width":"","footnotes":""},"class_list":["post-7310","page","type-page","status-publish","hentry"],"yoast_head":"<!-- This site is optimized with the Yoast SEO plugin v27.1.1 - https:\/\/yoast.com\/product\/yoast-seo-wordpress\/ -->\n<title>Korduma kippuvad k\u00fcsimused - FitLife Tartu Eeden<\/title>\n<meta name=\"description\" content=\"Korduma kippuvad k\u00fcsimused: J\u00f5usaal 24H. Uuel hooajal soodsamad hinnad. J\u00f5usaali pakett alates 25\u20ac\/kuu ja t\u00e4ispakett alates 35\u20ac\/kuu. Proovin\u00e4dal 10\u20ac. Tule trenni!\" \/>\n<meta name=\"robots\" content=\"index, follow, max-snippet:-1, max-image-preview:large, max-video-preview:-1\" \/>\n<link rel=\"canonical\" href=\"https:\/\/fitlife.ee\/eeden\/korduma-kippuvad-kusimused\/\" \/>\n<meta property=\"og:locale\" content=\"et_EE\" \/>\n<meta property=\"og:type\" content=\"article\" \/>\n<meta property=\"og:title\" content=\"Korduma kippuvad k\u00fcsimused - FitLife Tartu Eeden\" \/>\n<meta property=\"og:description\" content=\"Korduma kippuvad k\u00fcsimused: J\u00f5usaal 24H. Uuel hooajal soodsamad hinnad. J\u00f5usaali pakett alates 25\u20ac\/kuu ja t\u00e4ispakett alates 35\u20ac\/kuu. Proovin\u00e4dal 10\u20ac. Tule trenni!\" \/>\n<meta property=\"og:url\" content=\"https:\/\/fitlife.ee\/eeden\/korduma-kippuvad-kusimused\/\" \/>\n<meta property=\"og:site_name\" content=\"FitLife Tartu Eeden\" \/>\n<meta property=\"article:modified_time\" content=\"2026-02-11T12:43:48+00:00\" \/>\n<meta name=\"twitter:card\" content=\"summary_large_image\" \/>\n<meta name=\"twitter:label1\" content=\"Est. reading time\" \/>\n\t<meta name=\"twitter:data1\" content=\"1 minut\" \/>\n<script type=\"application\/ld+json\" class=\"yoast-schema-graph\">{\"@context\":\"https:\/\/schema.org\",\"@graph\":[{\"@type\":\"WebPage\",\"@id\":\"https:\/\/fitlife.ee\/eeden\/korduma-kippuvad-kusimused\/\",\"url\":\"https:\/\/fitlife.ee\/eeden\/korduma-kippuvad-kusimused\/\",\"name\":\"Korduma kippuvad k\u00fcsimused - FitLife Tartu Eeden\",\"isPartOf\":{\"@id\":\"https:\/\/fitlife.ee\/eeden\/#website\"},\"datePublished\":\"2026-02-11T12:41:45+00:00\",\"dateModified\":\"2026-02-11T12:43:48+00:00\",\"description\":\"Korduma kippuvad k\u00fcsimused: J\u00f5usaal 24H. Uuel hooajal soodsamad hinnad. J\u00f5usaali pakett alates 25\u20ac\/kuu ja t\u00e4ispakett alates 35\u20ac\/kuu. Proovin\u00e4dal 10\u20ac. Tule trenni!\",\"breadcrumb\":{\"@id\":\"https:\/\/fitlife.ee\/eeden\/korduma-kippuvad-kusimused\/#breadcrumb\"},\"inLanguage\":\"et\",\"potentialAction\":[{\"@type\":\"ReadAction\",\"target\":[\"https:\/\/fitlife.ee\/eeden\/korduma-kippuvad-kusimused\/\"]}]},{\"@type\":\"BreadcrumbList\",\"@id\":\"https:\/\/fitlife.ee\/eeden\/korduma-kippuvad-kusimused\/#breadcrumb\",\"itemListElement\":[{\"@type\":\"ListItem\",\"position\":1,\"name\":\"Home\",\"item\":\"https:\/\/fitlife.ee\/eeden\/\"},{\"@type\":\"ListItem\",\"position\":2,\"name\":\"Korduma kippuvad k\u00fcsimused\"}]},{\"@type\":\"WebSite\",\"@id\":\"https:\/\/fitlife.ee\/eeden\/#website\",\"url\":\"https:\/\/fitlife.ee\/eeden\/\",\"name\":\"FitLife Tartu Eeden\",\"description\":\"Spordiklubi Tartus Eedeni keskuses\",\"potentialAction\":[{\"@type\":\"SearchAction\",\"target\":{\"@type\":\"EntryPoint\",\"urlTemplate\":\"https:\/\/fitlife.ee\/eeden\/?s={search_term_string}\"},\"query-input\":{\"@type\":\"PropertyValueSpecification\",\"valueRequired\":true,\"valueName\":\"search_term_string\"}}],\"inLanguage\":\"et\"}]}<\/script>\n<!-- \/ Yoast SEO plugin. -->","yoast_head_json":{"title":"Korduma kippuvad k\u00fcsimused - FitLife Tartu Eeden","description":"Korduma kippuvad k\u00fcsimused: J\u00f5usaal 24H. Uuel hooajal soodsamad hinnad. J\u00f5usaali pakett alates 25\u20ac\/kuu ja t\u00e4ispakett alates 35\u20ac\/kuu. Proovin\u00e4dal 10\u20ac. Tule trenni!","robots":{"index":"index","follow":"follow","max-snippet":"max-snippet:-1","max-image-preview":"max-image-preview:large","max-video-preview":"max-video-preview:-1"},"canonical":"https:\/\/fitlife.ee\/eeden\/korduma-kippuvad-kusimused\/","og_locale":"et_EE","og_type":"article","og_title":"Korduma kippuvad k\u00fcsimused - FitLife Tartu Eeden","og_description":"Korduma kippuvad k\u00fcsimused: J\u00f5usaal 24H. Uuel hooajal soodsamad hinnad. J\u00f5usaali pakett alates 25\u20ac\/kuu ja t\u00e4ispakett alates 35\u20ac\/kuu. Proovin\u00e4dal 10\u20ac. Tule trenni!","og_url":"https:\/\/fitlife.ee\/eeden\/korduma-kippuvad-kusimused\/","og_site_name":"FitLife Tartu Eeden","article_modified_time":"2026-02-11T12:43:48+00:00","twitter_card":"summary_large_image","twitter_misc":{"Est. reading time":"1 minut"},"schema":{"@context":"https:\/\/schema.org","@graph":[{"@type":"WebPage","@id":"https:\/\/fitlife.ee\/eeden\/korduma-kippuvad-kusimused\/","url":"https:\/\/fitlife.ee\/eeden\/korduma-kippuvad-kusimused\/","name":"Korduma kippuvad k\u00fcsimused - FitLife Tartu Eeden","isPartOf":{"@id":"https:\/\/fitlife.ee\/eeden\/#website"},"datePublished":"2026-02-11T12:41:45+00:00","dateModified":"2026-02-11T12:43:48+00:00","description":"Korduma kippuvad k\u00fcsimused: J\u00f5usaal 24H. Uuel hooajal soodsamad hinnad. J\u00f5usaali pakett alates 25\u20ac\/kuu ja t\u00e4ispakett alates 35\u20ac\/kuu. Proovin\u00e4dal 10\u20ac. Tule trenni!","breadcrumb":{"@id":"https:\/\/fitlife.ee\/eeden\/korduma-kippuvad-kusimused\/#breadcrumb"},"inLanguage":"et","potentialAction":[{"@type":"ReadAction","target":["https:\/\/fitlife.ee\/eeden\/korduma-kippuvad-kusimused\/"]}]},{"@type":"BreadcrumbList","@id":"https:\/\/fitlife.ee\/eeden\/korduma-kippuvad-kusimused\/#breadcrumb","itemListElement":[{"@type":"ListItem","position":1,"name":"Home","item":"https:\/\/fitlife.ee\/eeden\/"},{"@type":"ListItem","position":2,"name":"Korduma kippuvad k\u00fcsimused"}]},{"@type":"WebSite","@id":"https:\/\/fitlife.ee\/eeden\/#website","url":"https:\/\/fitlife.ee\/eeden\/","name":"FitLife Tartu Eeden","description":"Spordiklubi Tartus Eedeni keskuses","potentialAction":[{"@type":"SearchAction","target":{"@type":"EntryPoint","urlTemplate":"https:\/\/fitlife.ee\/eeden\/?s={search_term_string}"},"query-input":{"@type":"PropertyValueSpecification","valueRequired":true,"valueName":"search_term_string"}}],"inLanguage":"et"}]}},"_links":{"self":[{"href":"https:\/\/fitlife.ee\/eeden\/wp-json\/wp\/v2\/pages\/7310","targetHints":{"allow":["GET"]}}],"collection":[{"href":"https:\/\/fitlife.ee\/eeden\/wp-json\/wp\/v2\/pages"}],"about":[{"href":"https:\/\/fitlife.ee\/eeden\/wp-json\/wp\/v2\/types\/page"}],"author":[{"embeddable":true,"href":"https:\/\/fitlife.ee\/eeden\/wp-json\/wp\/v2\/users\/1"}],"replies":[{"embeddable":true,"href":"https:\/\/fitlife.ee\/eeden\/wp-json\/wp\/v2\/comments?post=7310"}],"version-history":[{"count":4,"href":"https:\/\/fitlife.ee\/eeden\/wp-json\/wp\/v2\/pages\/7310\/revisions"}],"predecessor-version":[{"id":7316,"href":"https:\/\/fitlife.ee\/eeden\/wp-json\/wp\/v2\/pages\/7310\/revisions\/7316"}],"wp:attachment":[{"href":"https:\/\/fitlife.ee\/eeden\/wp-json\/wp\/v2\/media?parent=7310"}],"curies":[{"name":"wp","href":"https:\/\/api.w.org\/{rel}","templated":true}]}}