{"id":4346,"date":"2020-08-30T11:32:08","date_gmt":"2020-08-30T08:32:08","guid":{"rendered":"https:\/\/fitlife.ee\/eeden?page_id=4346"},"modified":"2026-03-21T16:16:32","modified_gmt":"2026-03-21T14:16:32","slug":"uld-ja-ostutingimused","status":"publish","type":"page","link":"https:\/\/fitlife.ee\/eeden\/uld-ja-ostutingimused\/","title":{"rendered":"\u00dcld- ja ostutingimused"},"content":{"rendered":"<p>[et_pb_section fb_built=&#8221;1&#8243; custom_padding_last_edited=&#8221;off|desktop&#8221; admin_label=&#8221;Header&#8221; _builder_version=&#8221;4.16&#8243; background_color=&#8221;#2a2e40&#8243; use_background_color_gradient=&#8221;on&#8221; background_color_gradient_type=&#8221;circular&#8221; background_color_gradient_direction_radial=&#8221;top right&#8221; background_color_gradient_stops=&#8221;rgba(42,46,64,0.34) 0%|#2a2e40 90%&#8221; background_color_gradient_overlays_image=&#8221;on&#8221; background_color_gradient_start=&#8221;rgba(42,46,64,0.34)&#8221; background_color_gradient_end=&#8221;#2a2e40&#8243; background_color_gradient_end_position=&#8221;90%&#8221; background_image=&#8221;https:\/\/fitlife.ee\/eedenwp-content\/uploads\/2020\/05\/fitlife-treeningud.jpg&#8221; background_position=&#8221;top_right&#8221; custom_margin=&#8221;-300px||||false|false&#8221; custom_margin_tablet=&#8221;&#8221; custom_margin_phone=&#8221;&#8221; custom_margin_last_edited=&#8221;on|phone&#8221; custom_padding=&#8221;||0px&#8221; custom_padding_tablet=&#8221;0vw||&#8221; custom_padding_phone=&#8221;0vw||&#8221; collapsed=&#8221;on&#8221; global_colors_info=&#8221;{}&#8221;][et_pb_row module_class=&#8221; et_pb_row_fullwidth&#8221; _builder_version=&#8221;4.16&#8243; width=&#8221;89%&#8221; width_tablet=&#8221;80%&#8221; width_phone=&#8221;&#8221; width_last_edited=&#8221;on|desktop&#8221; max_width=&#8221;89%&#8221; max_width_tablet=&#8221;80%&#8221; max_width_phone=&#8221;&#8221; max_width_last_edited=&#8221;on|desktop&#8221; custom_margin=&#8221;200px||||false|false&#8221; mix_blend_mode=&#8221;overlay&#8221; make_fullwidth=&#8221;on&#8221; global_colors_info=&#8221;{}&#8221;][et_pb_column type=&#8221;4_4&#8243; _builder_version=&#8221;4.16&#8243; custom_padding=&#8221;|||&#8221; global_colors_info=&#8221;{}&#8221; custom_padding__hover=&#8221;|||&#8221;][et_pb_text _builder_version=&#8221;4.16&#8243; text_font=&#8221;||||||||&#8221; text_text_color=&#8221;rgba(255,255,255,0.5)&#8221; text_font_size=&#8221;10vw&#8221; text_line_height=&#8221;0em&#8221; header_font=&#8221;Oswald|||on|||||&#8221; header_font_size=&#8221;80px&#8221; header_letter_spacing=&#8221;20px&#8221; header_line_height=&#8221;1.2em&#8221; background_layout=&#8221;dark&#8221; custom_margin=&#8221;||0.1em||false|false&#8221; custom_margin_phone=&#8221;||0em&#8221; custom_margin_last_edited=&#8221;off|desktop&#8221; filter_blur=&#8221;5px&#8221; animation_style=&#8221;slide&#8221; animation_direction=&#8221;left&#8221; animation_duration=&#8221;2000ms&#8221; animation_intensity_slide=&#8221;2%&#8221; text_font_size_tablet=&#8221;30vw&#8221; text_font_size_phone=&#8221;&#8221; text_font_size_last_edited=&#8221;on|desktop&#8221; header_font_size_tablet=&#8221;40px&#8221; header_font_size_phone=&#8221;30px&#8221; header_font_size_last_edited=&#8221;on|desktop&#8221; global_colors_info=&#8221;{}&#8221;]<\/p>\n<p>FitLife<\/p>\n<p>[\/et_pb_text][\/et_pb_column][\/et_pb_row][et_pb_row _builder_version=&#8221;4.16&#8243; module_alignment=&#8221;left&#8221; custom_padding=&#8221;0|0px|0|0px|true|false&#8221; global_colors_info=&#8221;{}&#8221;][et_pb_column type=&#8221;4_4&#8243; _builder_version=&#8221;4.16&#8243; custom_padding=&#8221;|||&#8221; global_colors_info=&#8221;{}&#8221; custom_padding__hover=&#8221;|||&#8221;][et_pb_divider color=&#8221;rgba(255,255,255,0.31)&#8221; divider_style=&#8221;dashed&#8221; _builder_version=&#8221;4.16&#8243; custom_padding=&#8221;50px||||false|false&#8221; global_colors_info=&#8221;{}&#8221;][\/et_pb_divider][\/et_pb_column][\/et_pb_row][et_pb_row custom_padding_last_edited=&#8221;on|desktop&#8221; _builder_version=&#8221;4.16&#8243; width=&#8221;90%&#8221; max_width=&#8221;90%&#8221; custom_margin=&#8221;||&#8221; custom_padding=&#8221;||50px|10%|false|false&#8221; custom_padding_tablet=&#8221;||40px|0%&#8221; custom_padding_phone=&#8221;&#8221; use_custom_width=&#8221;on&#8221; width_unit=&#8221;off&#8221; custom_width_percent=&#8221;90%&#8221; global_colors_info=&#8221;{}&#8221;][et_pb_column type=&#8221;4_4&#8243; _builder_version=&#8221;4.16&#8243; custom_padding=&#8221;|||&#8221; global_colors_info=&#8221;{}&#8221; custom_padding__hover=&#8221;|||&#8221;][et_pb_post_title meta=&#8221;off&#8221; featured_image=&#8221;off&#8221; _builder_version=&#8221;4.16&#8243; _module_preset=&#8221;default&#8221; title_font=&#8221;|300||on|||||&#8221; title_text_color=&#8221;#ffffff&#8221; title_letter_spacing=&#8221;5px&#8221; title_font_size_tablet=&#8221;&#8221; title_font_size_phone=&#8221;18px&#8221; title_font_size_last_edited=&#8221;on|phone&#8221; title_letter_spacing_tablet=&#8221;&#8221; title_letter_spacing_phone=&#8221;3px&#8221; title_letter_spacing_last_edited=&#8221;on|phone&#8221; global_colors_info=&#8221;{}&#8221;][\/et_pb_post_title][\/et_pb_column][\/et_pb_row][\/et_pb_section][et_pb_section fb_built=&#8221;1&#8243; _builder_version=&#8221;4.16&#8243; global_colors_info=&#8221;{}&#8221;][et_pb_row _builder_version=&#8221;4.16&#8243; background_size=&#8221;initial&#8221; background_position=&#8221;top_left&#8221; background_repeat=&#8221;repeat&#8221; global_colors_info=&#8221;{}&#8221;][et_pb_column type=&#8221;4_4&#8243; _builder_version=&#8221;4.16&#8243; custom_padding=&#8221;|||&#8221; global_colors_info=&#8221;{}&#8221; custom_padding__hover=&#8221;|||&#8221;][et_pb_text _builder_version=&#8221;4.27.6&#8243; text_font=&#8221;|300|||||||&#8221; header_font_size=&#8221;36px&#8221; header_2_font_size=&#8221;32px&#8221; background_size=&#8221;initial&#8221; background_position=&#8221;top_left&#8221; background_repeat=&#8221;repeat&#8221; hover_enabled=&#8221;0&#8243; global_colors_info=&#8221;{}&#8221; sticky_enabled=&#8221;0&#8243;]<\/p>\n<div class=\"row default\">\n<div class=\"container\">\n<div class=\"row price-list-background\">\n<div id=\"post-1892\" class=\"post-1892 page type-page status-publish hentry\">\n<h3 class=\"p1\">Spordiklubi FitLife 24H liikmelepingu kasutustingimused<\/h3>\n<p class=\"p3\">1. Lepingu s\u00f5lmimine<\/p>\n<p class=\"p3\">Spordiklubi (edaspidi Klubi) ja Spordiklubi liige (edaspidi Liige) s\u00f5lmivad liikmelepingu (edaspidi Lepingu) spordiklubi kodulehel <span role=\"gridcell\"><a class=\"x1i10hfl xjbqb8w x1ejq31n xd10rxx x1sy0etr x17r0tee x972fbf xcfux6l x1qhh985 xm0m39n x9f619 x1ypdohk xt0psk2 xe8uvvx xdj266r x11i5rnm xat24cr x1mh8g0r xexx8yu x4uap5 x18d9i69 xkhd6sd x16tdsg8 xggy1nq x1a2a7pz x1s688f x1heor9g x1bvjpef xujl8zx\" tabindex=\"-1\" role=\"link\" href=\"http:\/\/www.fitlife.ee\/\" target=\"_blank\" rel=\"noreferrer noopener nofollow\">www.fitlife.ee<\/a><\/span> . Alla 18-aastase Liikme nimel s\u00f5lmib ja allkirjastab Lepingu tema seaduslikuks esindajaks olev lapsevanem v\u00f5i hooldaja, kes j\u00e4\u00e4b koos Liikmega Klubi ees solidaarselt vastutavaks k\u00f5ikide lepingus tulenevate Liikme kohustuste t\u00e4itmise eest. Alla 16-aastastel isikutel ei ole lubatud Spordiklubi kasutada (v.a. noorte j\u00f5usaalitreeningud). Privaatsustingimused ja liikmelepingu \u00fcldtingimused loetakse s\u00f5lmituks Klubi treeningpaketi ostmisega.<\/p>\n<p class=\"p3\">2. Treeningpaketi kasutus<\/p>\n<p class=\"p3\">Liikmeleping ja kehtiv treeningpakett on m\u00f5eldud personaalseks kasutamiseks ning treeningpaketi kasutus\u00f5iguse teisele isikule edasiandmine on keelatud, v.a. kui selles on eelnevalt Klubiga kirjalikult kokku lepitud. Oma treeningpaketi kasutus\u00f5iguse \u00fcleandmisel teisele isikule ilma kirjaliku kokkuleppeta toob kaasa 360\u20ac suuruse trahvi.<\/p>\n<p class=\"p3\">3. Liitumistasu<\/p>\n<p class=\"p3\">Liitumistasu tuleb tasuda Lepingu s\u00f5lmimisel Klubi klienditeeninduses. E-liitumisel liitumistasu ei ole. <span role=\"gridcell\"><a class=\"x1i10hfl xjbqb8w x1ejq31n xd10rxx x1sy0etr x17r0tee x972fbf xcfux6l x1qhh985 xm0m39n x9f619 x1ypdohk xt0psk2 xe8uvvx xdj266r x11i5rnm xat24cr x1mh8g0r xexx8yu x4uap5 x18d9i69 xkhd6sd x16tdsg8 xggy1nq x1a2a7pz x1s688f x1heor9g x1bvjpef xujl8zx\" tabindex=\"-1\" role=\"link\" href=\"http:\/\/www.fitlife.ee\/\" target=\"_blank\" rel=\"noreferrer noopener nofollow\">www.fitlife.ee<\/a><\/span>. Liituja saab Klubiga liitumisel \u00f5iguse kasutada FitLife 24H telefonirakendust, mis v\u00f5imaldab treeningutesse broneerimist ja p\u00e4\u00e4slate avamist. Liitumistasu maksumus on toodud hinnakirjas Klubi kodulehel.<\/p>\n<p class=\"p3\">4. Treeningpaketid<\/p>\n<p class=\"p3\">T\u00e4htajatu j\u00f5usaalipakett v\u00f5imaldab 24H \u00f6\u00f6p\u00e4evas avatud j\u00f5usaali k\u00fclastust 1 kord p\u00e4evas. T\u00e4htajatut lepingut saab korraliselt \u00fcles \u00f6elda 30 p\u00e4evase etteteatamisega vabas vormis teate saatmisega aadressile tartu@fitlife.ee<\/p>\n<p class=\"p3\">T\u00e4htajatu t\u00e4ispakett v\u00f5imaldab 24H \u00f6\u00f6p\u00e4evas avatud j\u00f5usaali ja r\u00fchmatreeningute k\u00fclastust 1 kord p\u00e4evas. T\u00e4htajatut lepingut saab korraliselt \u00fcles \u00f6elda 30 p\u00e4evase etteteatamisega vabas vormis teate saatmisega aadressile tartu@fitlife.ee<\/p>\n<p class=\"p3\">P\u00e4evapiletit on v\u00f5imalik osta Eedeni keskuse lahtiolekuaegadel Klubi sissep\u00e4\u00e4suv\u00e4ravate juurest viipemaksena.<\/p>\n<p class=\"p3\">Proovikuu ja proovin\u00e4dala treeningp\u00e4\u00e4set on v\u00f5imalik osta e-poest v\u00f5i Klubi klienditeenindusest selle lahtiolekuaegadel.<\/p>\n<p class=\"p3\">5. Maksepuhkus<\/p>\n<p class=\"p3\">Liikmel on \u00f5igus taotleda maksepuhkust minimaalselt 30 p\u00e4evaks. Maksepuhkuse perioodil peatub liikmele kehtiv leping ja k\u00f5ik sellega seotud kohustused. Maksepuhkuse ajal ei ole liikmel \u00f5igust kasutada Klubi teenuseid, sealhulgas j\u00f5usaali, r\u00fchmatreeninguid v\u00f5i muid pakette, mis on seotud liikmelepinguga. Maksepuhkuse vormistamiseks peab liige esitama vastava avalduse Klubi klienditeenindusele e-posti teel aadressile tartu@fitlife.ee. Avaldus peab olema esitatud v\u00e4hemalt 5 t\u00f6\u00f6p\u00e4eva enne uue kuu algust. Jooksva kuu sees maksepuhkust ei ole v\u00f5imalik vormistada \u2013 see rakendub alati j\u00e4rgmisest kalendrikuust. Kui liige ei ole \u00f5igeks ajaks maksepuhkust taotlenud, j\u00e4tkub lepingu tavap\u00e4rane maksegraafik. Maksepuhkuse perioodil ei ole liikmel v\u00f5imalik lepingut l\u00f5petada ega etteteatamist\u00e4htaega alustada. Kui liige soovib peale maksepuhkust lepingu l\u00f5petada, algab 30-p\u00e4evane etteteatamist\u00e4htaeg uuesti alates p\u00e4evast, mil leping p\u00e4rast maksepuhkuse l\u00f5ppu taas aktiveerub. T\u00e4htajatute lepingute puhul toimub maksete j\u00e4tkumine vastavalt lepingu algsetele tingimustele kohe p\u00e4rast maksepuhkuse l\u00f5ppemist. Klubi j\u00e4tab endale \u00f5iguse keelduda maksepuhkuse andmisest, kui liikmel on varasemalt olnud v\u00f5lgnevusi v\u00f5i muid t\u00e4itmata kohustusi.<\/p>\n<p class=\"p3\">6. Ostuprotsessi kirjeldus<\/p>\n<p class=\"p3\">Esmalt tuleb FitLife 24H kodulehelt <span role=\"gridcell\"><a class=\"x1i10hfl xjbqb8w x1ejq31n xd10rxx x1sy0etr x17r0tee x972fbf xcfux6l x1qhh985 xm0m39n x9f619 x1ypdohk xt0psk2 xe8uvvx xdj266r x11i5rnm xat24cr x1mh8g0r xexx8yu x4uap5 x18d9i69 xkhd6sd x16tdsg8 xggy1nq x1a2a7pz x1s688f x1heor9g x1bvjpef xujl8zx\" tabindex=\"-1\" role=\"link\" href=\"http:\/\/www.fitlife.ee\/\" target=\"_blank\" rel=\"noreferrer noopener nofollow\">www.fitlife.ee<\/a><\/span> e-liitumise v\u00e4ljalt valida v\u00e4lja sobivaim pakett, t\u00e4ita isikuandmete ankeet ja tasuda treeningpaketi maksumus. Valitud teenuse eest on v\u00f5imalik tasuda kodulehel eurodes pangalingi kaudu v\u00f5i spordiklubi klienditeeninduses kohapeal. P\u00e4evapileti eest on v\u00f5imalik tasuda viipemaksena spordiklubi sissep\u00e4\u00e4suv\u00e4ravate juures.<\/p>\n<p class=\"p3\">K\u00fcsimuste tekkimisel v\u00f5i pretensioonide korral p\u00f6\u00f6rduge meie klienditeeninduse poole telefoni teel +372 557 9067v\u00f5i edastage e-kiri aadressile tartu@fitlife.ee. Kirjadele vastatakse 2 t\u00f6\u00f6p\u00e4eva jooksul.<\/p>\n<p class=\"p3\">7. Ostust taganemise kord<\/p>\n<p class=\"p3\">Ostust v\u00f5ib taganeda 14 p\u00e4eva jooksul ostu sooritamisest esitades vabas vormis avalduse e-kirjana aadressile tartu@fitlife.ee. Avalduses peab olema toodud ostu sooritaja ees- ja perekonnanimi, pangakontonumber, millelt ost sooritati ning ostusumma ning ostust taganemise p\u00f5hjus. Ostusumma tagastatakse 5 t\u00f6\u00f6p\u00e4eva jooksul peale avalduse saamist tingimusel, et Liige ei ole toodet v\u00f5i teenust tarbinud.<\/p>\n<p class=\"p3\">8. Klubi kodukord<\/p>\n<p class=\"p3\">Liige k\u00e4itub Klubis headele kommetele vastavalt ning suhtub Klubis asuvasse varasse heaperemehelikult. Klubis on keelatud oma tegevusega teisi h\u00e4irida. Kui Liige on broneerinud koha treeningusse ja ei saa treeningus osaleda, siis ta vabastab broneeringu hiljemalt 1h enne treeningu algust. T\u00fchistamata broneeringute eest on Klubil \u00f5igus trahvida Liiget p\u00e4evapileti rahalises v\u00e4\u00e4rtuses.<\/p>\n<p class=\"p3\">9. Vastutus<\/p>\n<p class=\"p3\">Klubi ei vastuta Liikme tervisliku seisundi ja v\u00f5imalike vigastuste tekkimise eest. Kergemate vigastuste korral asub esmaabikapp Klubi fuajees. T\u00f5sisemate vigastuste korral kutsuda kiirabi telefonil 112. Klubi ei vastuta riidekapis hoitavate esemete s\u00e4ilimise eest. Klubist lahkumisel on esemete kappi ja riietusruumi j\u00e4tmine keelatud.<\/p>\n<p class=\"p3\">10. Liikme kontaktandmete, pangakonto numbri vms muutumine<\/p>\n<p class=\"p3\">Liige kohustub koheselt informeerima Klubi klienditeenindust oma nime, postiaadressi, pangakonto numbri, telefoni v\u00f5i e-postiaadressi muutumisest.saates sellekohase teate tartu@fitlife.ee aadressile. Teated ja muu kirjavahetus loetakse Liikmele k\u00e4tte toimetatuks, kui edastamisest on m\u00f6\u00f6dunud viis (5) kalendrip\u00e4eva.<\/p>\n<p class=\"p3\">11. Isikuandmete t\u00f6\u00f6tlemine<\/p>\n<p class=\"p3\">Klubi t\u00f6\u00f6tleb Liikmete isikuandmeid vastavalt Privaatsustingimustele, mis on leitavad Klubi kodulehel <span role=\"gridcell\"><a class=\"x1i10hfl xjbqb8w x1ejq31n xd10rxx x1sy0etr x17r0tee x972fbf xcfux6l x1qhh985 xm0m39n x9f619 x1ypdohk xt0psk2 xe8uvvx xdj266r x11i5rnm xat24cr x1mh8g0r xexx8yu x4uap5 x18d9i69 xkhd6sd x16tdsg8 xggy1nq x1a2a7pz x1s688f x1heor9g x1bvjpef xujl8zx\" tabindex=\"-1\" role=\"link\" href=\"http:\/\/www.fitlife.ee\/\" target=\"_blank\" rel=\"noreferrer noopener nofollow\">www.fitlife.ee<\/a><\/span>.<\/p>\n<p class=\"p3\">12. Lepingu tingimuste muutmine<\/p>\n<p class=\"p3\">Klubi j\u00e4tab endale \u00f5iguse Lepingu tingimuste muutmiseks. Tingimuste muutumisest informeeritakse Liikmeid Lepingus s\u00e4testatud korras 30 p\u00e4eva enne muudatuste j\u00f5ustumist. Juhul, kui Liige leiab, et tema huvisid on Lepingu tingimuste muutmisega oluliselt kahjustatud, v\u00f5ib Liige 30-ne p\u00e4eva jooksul muudatuste teatamisest Lepingu erakorraliselt \u00fcles \u00f6elda informeerides sellest kirjalikult Klubi personali. Juhul, kui Liige ei ole Lepingut \u00fcles \u00f6elnud 30-ne p\u00e4eva jooksul peale Lepingu tingimuste muutmisest teavitamist, loetakse muutunud Lepingu tingimused Liikme poolt vastu v\u00f5etuks.<\/p>\n<p class=\"p3\">13. Stebby<\/p>\n<p class=\"p3\">Stebby keskkonna kaudu ostetud piletite ja pakettide kasutamisel kehtivad k\u00f5ik Klubi liikmelepingus ja kodukorras s\u00e4testatud tingimused. Pileti v\u00f5i paketi ostmisel Stebby s\u00fcsteemist peab liige teavitama Klubi klienditeenindust, kuna Stebby s\u00fcsteem ei saada Klubi poolele automaatset teadet ostu kohta. Teavitamise eesm\u00e4rk on tagada sujuv ligip\u00e4\u00e4s Klubi teenustele ning v\u00e4ltida v\u00f5imalikke viivitusi. Ilma teavitamiseta v\u00f5ib esineda ajutisi ligip\u00e4\u00e4supiiranguid, kuni ost registreeritakse Klubi s\u00fcsteemis. P\u00fcsimaksega lepingu korral kehtivad samad tingimused nagu eelnevalt punktides v\u00e4lja toodud. Stebby kaudu ostetud pileti v\u00f5i paketi kasutamisel rakenduvad Klubi \u00fcldised liikmelisuse ja treeningpakettide tingimused, sealhulgas kodukord, vastutus ja maksekohustused. P\u00fcsimaksega lepingu l\u00f5petamine toimub vastavalt Klubi \u00fcldistele lepingu l\u00f5petamise tingimustele. Liige peab esitama vastavasisulise teate v\u00e4hemalt 30 p\u00e4eva enne soovitud l\u00f5petamise kuup\u00e4eva, saates kirja e-posti aadressile tartu@fitlife.ee. P\u00e4rast lepingu l\u00f5petamist peatub automaatne maksete kogumine ning liikmelisus l\u00f5peb vastavalt etteteatamist\u00e4htajale. Stebby kaudu ostetud piletite ja pakettide tagastamine toimub vastavalt Stebby platvormi reeglitele. Klubi ei vastuta Stebby maksete tagastamise korra eest ning k\u00f5ik tagastamisega seotud k\u00fcsimused tuleb lahendada otse Stebby klienditoega. K\u00f5ik Stebby kaudu ostetud teenused kehtivad vastavalt ostu hetkel kehtinud tingimustele ja Stebby s\u00fcsteemi reeglitele.<\/p>\n<p class=\"p3\">14. Kasutustingimustega tutvumine ja vastutus<\/p>\n<p class=\"p3\">Liige on kohustatud enne liikmelepinguga liitumist ja Klubi teenuste kasutamist tutvuma k\u00e4esolevate kasutustingimustega, sealhulgas liikmelepingu, treeningpakettide, maksekohustuste ja kodukorra n\u00f5uetega. Kasutustingimustega mitte tutvumine ei vabasta Liiget nende j\u00e4rgimisest ega v\u00f5imalike kohustuste t\u00e4itmisest, sealhulgas lepingu l\u00f5petamise v\u00f5i maksepuhkuse taotlemise reeglitest. K\u00f5ik Klubi poolt edastatud teated, sealhulgas lepingu muudatused ja t\u00e4htajad, loetakse liikmele k\u00e4ttetoimetatuks, kui need on edastatud liikme poolt registreeritud e-posti aadressile v\u00f5i avaldatud Klubi ametlikel infokanalitel. Liige vastutab ise oma kontaktandmete ajakohasuse eest ning kohustub vajadusel informeerima Klubi klienditeenindust kontaktandmete muutumisest.<\/p>\n<\/div>\n<p>&nbsp;<\/p>\n<p>15. Lepingu l\u00f5petamine<\/p>\n<p data-start=\"135\" data-end=\"363\">Liikmel on \u00f5igus t\u00e4htajatu liikmeleping korraliselt \u00fcles \u00f6elda, teatades sellest Klubile v\u00e4hemalt 30 kalendrip\u00e4eva ette vabalt valitud vormis (nt telefoni teel, kohapeal v\u00f5i kirjalikult e-posti teel aadressile <a class=\"decorated-link cursor-pointer\" rel=\"noopener\" data-start=\"345\" data-end=\"361\">tartu@fitlife.ee).<\/a><\/p>\n<p data-start=\"510\" data-end=\"755\">Lepingu l\u00f5petamise eelduseks on k\u00f5ikide Liikme poolt Klubi ees tekkinud rahaliste kohustuste t\u00e4ielik tasumine. Juhul kui Liikmel esineb v\u00f5lgnevusi, loetakse lepingu l\u00f5petamise avaldus kehtivaks alates hetkest, mil k\u00f5ik tasumata arved on tasutud.<\/p>\n<p data-start=\"757\" data-end=\"882\">Etteteatamist\u00e4htaja jooksul kehtivad Lepingust tulenevad \u00f5igused ja kohustused, sealhulgas maksekohustus, tavap\u00e4rases korras.<\/p>\n<\/div>\n<\/div>\n<\/div>\n<p>[\/et_pb_text][\/et_pb_column][\/et_pb_row][\/et_pb_section]<\/p>\n","protected":false},"excerpt":{"rendered":"<p>FitLife Spordiklubi FitLife 24H liikmelepingu kasutustingimused 1. Lepingu s\u00f5lmimine Spordiklubi (edaspidi Klubi) ja Spordiklubi liige (edaspidi Liige) s\u00f5lmivad liikmelepingu (edaspidi Lepingu) spordiklubi kodulehel www.fitlife.ee . Alla 18-aastase Liikme nimel s\u00f5lmib ja allkirjastab Lepingu tema seaduslikuks esindajaks olev lapsevanem v\u00f5i hooldaja, kes j\u00e4\u00e4b koos Liikmega Klubi ees solidaarselt vastutavaks k\u00f5ikide lepingus tulenevate Liikme kohustuste t\u00e4itmise eest. [&hellip;]<\/p>\n","protected":false},"author":1,"featured_media":0,"parent":0,"menu_order":0,"comment_status":"closed","ping_status":"closed","template":"","meta":{"_et_pb_use_builder":"on","_et_pb_old_content":"","_et_gb_content_width":"","footnotes":""},"class_list":["post-4346","page","type-page","status-publish","hentry"],"yoast_head":"<!-- This site is optimized with the Yoast SEO plugin v27.1.1 - https:\/\/yoast.com\/product\/yoast-seo-wordpress\/ -->\n<title>\u00dcld- ja ostutingimused - FitLife Tartu Eeden<\/title>\n<meta name=\"description\" content=\"\u00dcld- ja ostutingimused: J\u00f5usaal 24H. Uuel hooajal soodsamad hinnad. J\u00f5usaali pakett alates 25\u20ac\/kuu ja t\u00e4ispakett alates 35\u20ac\/kuu.\" \/>\n<meta name=\"robots\" content=\"noindex, nofollow\" \/>\n<meta property=\"og:locale\" content=\"et_EE\" \/>\n<meta property=\"og:type\" content=\"article\" \/>\n<meta property=\"og:title\" content=\"\u00dcld- ja ostutingimused - FitLife Tartu Eeden\" \/>\n<meta property=\"og:description\" content=\"\u00dcld- ja ostutingimused: J\u00f5usaal 24H. Uuel hooajal soodsamad hinnad. J\u00f5usaali pakett alates 25\u20ac\/kuu ja t\u00e4ispakett alates 35\u20ac\/kuu.\" \/>\n<meta property=\"og:url\" content=\"https:\/\/fitlife.ee\/eeden\/uld-ja-ostutingimused\/\" \/>\n<meta property=\"og:site_name\" content=\"FitLife Tartu Eeden\" \/>\n<meta property=\"article:modified_time\" content=\"2026-03-21T14:16:32+00:00\" \/>\n<meta name=\"twitter:card\" content=\"summary_large_image\" \/>\n<meta name=\"twitter:label1\" content=\"Est. reading time\" \/>\n\t<meta name=\"twitter:data1\" content=\"6 minutit\" \/>\n<script type=\"application\/ld+json\" class=\"yoast-schema-graph\">{\"@context\":\"https:\/\/schema.org\",\"@graph\":[{\"@type\":\"WebPage\",\"@id\":\"https:\/\/fitlife.ee\/eeden\/uld-ja-ostutingimused\/\",\"url\":\"https:\/\/fitlife.ee\/eeden\/uld-ja-ostutingimused\/\",\"name\":\"\u00dcld- ja ostutingimused - FitLife Tartu Eeden\",\"isPartOf\":{\"@id\":\"https:\/\/fitlife.ee\/eeden\/#website\"},\"datePublished\":\"2020-08-30T08:32:08+00:00\",\"dateModified\":\"2026-03-21T14:16:32+00:00\",\"description\":\"\u00dcld- ja ostutingimused: J\u00f5usaal 24H. Uuel hooajal soodsamad hinnad. J\u00f5usaali pakett alates 25\u20ac\/kuu ja t\u00e4ispakett alates 35\u20ac\/kuu.\",\"breadcrumb\":{\"@id\":\"https:\/\/fitlife.ee\/eeden\/uld-ja-ostutingimused\/#breadcrumb\"},\"inLanguage\":\"et\",\"potentialAction\":[{\"@type\":\"ReadAction\",\"target\":[\"https:\/\/fitlife.ee\/eeden\/uld-ja-ostutingimused\/\"]}]},{\"@type\":\"BreadcrumbList\",\"@id\":\"https:\/\/fitlife.ee\/eeden\/uld-ja-ostutingimused\/#breadcrumb\",\"itemListElement\":[{\"@type\":\"ListItem\",\"position\":1,\"name\":\"Home\",\"item\":\"https:\/\/fitlife.ee\/eeden\/\"},{\"@type\":\"ListItem\",\"position\":2,\"name\":\"\u00dcld- ja ostutingimused\"}]},{\"@type\":\"WebSite\",\"@id\":\"https:\/\/fitlife.ee\/eeden\/#website\",\"url\":\"https:\/\/fitlife.ee\/eeden\/\",\"name\":\"FitLife Tartu Eeden\",\"description\":\"Spordiklubi Tartus Eedeni keskuses\",\"potentialAction\":[{\"@type\":\"SearchAction\",\"target\":{\"@type\":\"EntryPoint\",\"urlTemplate\":\"https:\/\/fitlife.ee\/eeden\/?s={search_term_string}\"},\"query-input\":{\"@type\":\"PropertyValueSpecification\",\"valueRequired\":true,\"valueName\":\"search_term_string\"}}],\"inLanguage\":\"et\"}]}<\/script>\n<!-- \/ Yoast SEO plugin. -->","yoast_head_json":{"title":"\u00dcld- ja ostutingimused - FitLife Tartu Eeden","description":"\u00dcld- ja ostutingimused: J\u00f5usaal 24H. Uuel hooajal soodsamad hinnad. J\u00f5usaali pakett alates 25\u20ac\/kuu ja t\u00e4ispakett alates 35\u20ac\/kuu.","robots":{"index":"noindex","follow":"nofollow"},"og_locale":"et_EE","og_type":"article","og_title":"\u00dcld- ja ostutingimused - FitLife Tartu Eeden","og_description":"\u00dcld- ja ostutingimused: J\u00f5usaal 24H. Uuel hooajal soodsamad hinnad. J\u00f5usaali pakett alates 25\u20ac\/kuu ja t\u00e4ispakett alates 35\u20ac\/kuu.","og_url":"https:\/\/fitlife.ee\/eeden\/uld-ja-ostutingimused\/","og_site_name":"FitLife Tartu Eeden","article_modified_time":"2026-03-21T14:16:32+00:00","twitter_card":"summary_large_image","twitter_misc":{"Est. reading time":"6 minutit"},"schema":{"@context":"https:\/\/schema.org","@graph":[{"@type":"WebPage","@id":"https:\/\/fitlife.ee\/eeden\/uld-ja-ostutingimused\/","url":"https:\/\/fitlife.ee\/eeden\/uld-ja-ostutingimused\/","name":"\u00dcld- ja ostutingimused - FitLife Tartu Eeden","isPartOf":{"@id":"https:\/\/fitlife.ee\/eeden\/#website"},"datePublished":"2020-08-30T08:32:08+00:00","dateModified":"2026-03-21T14:16:32+00:00","description":"\u00dcld- ja ostutingimused: J\u00f5usaal 24H. Uuel hooajal soodsamad hinnad. J\u00f5usaali pakett alates 25\u20ac\/kuu ja t\u00e4ispakett alates 35\u20ac\/kuu.","breadcrumb":{"@id":"https:\/\/fitlife.ee\/eeden\/uld-ja-ostutingimused\/#breadcrumb"},"inLanguage":"et","potentialAction":[{"@type":"ReadAction","target":["https:\/\/fitlife.ee\/eeden\/uld-ja-ostutingimused\/"]}]},{"@type":"BreadcrumbList","@id":"https:\/\/fitlife.ee\/eeden\/uld-ja-ostutingimused\/#breadcrumb","itemListElement":[{"@type":"ListItem","position":1,"name":"Home","item":"https:\/\/fitlife.ee\/eeden\/"},{"@type":"ListItem","position":2,"name":"\u00dcld- ja ostutingimused"}]},{"@type":"WebSite","@id":"https:\/\/fitlife.ee\/eeden\/#website","url":"https:\/\/fitlife.ee\/eeden\/","name":"FitLife Tartu Eeden","description":"Spordiklubi Tartus Eedeni keskuses","potentialAction":[{"@type":"SearchAction","target":{"@type":"EntryPoint","urlTemplate":"https:\/\/fitlife.ee\/eeden\/?s={search_term_string}"},"query-input":{"@type":"PropertyValueSpecification","valueRequired":true,"valueName":"search_term_string"}}],"inLanguage":"et"}]}},"_links":{"self":[{"href":"https:\/\/fitlife.ee\/eeden\/wp-json\/wp\/v2\/pages\/4346","targetHints":{"allow":["GET"]}}],"collection":[{"href":"https:\/\/fitlife.ee\/eeden\/wp-json\/wp\/v2\/pages"}],"about":[{"href":"https:\/\/fitlife.ee\/eeden\/wp-json\/wp\/v2\/types\/page"}],"author":[{"embeddable":true,"href":"https:\/\/fitlife.ee\/eeden\/wp-json\/wp\/v2\/users\/1"}],"replies":[{"embeddable":true,"href":"https:\/\/fitlife.ee\/eeden\/wp-json\/wp\/v2\/comments?post=4346"}],"version-history":[{"count":7,"href":"https:\/\/fitlife.ee\/eeden\/wp-json\/wp\/v2\/pages\/4346\/revisions"}],"predecessor-version":[{"id":7461,"href":"https:\/\/fitlife.ee\/eeden\/wp-json\/wp\/v2\/pages\/4346\/revisions\/7461"}],"wp:attachment":[{"href":"https:\/\/fitlife.ee\/eeden\/wp-json\/wp\/v2\/media?parent=4346"}],"curies":[{"name":"wp","href":"https:\/\/api.w.org\/{rel}","templated":true}]}}