{"id":4139,"date":"2020-08-23T14:45:25","date_gmt":"2020-08-23T11:45:25","guid":{"rendered":"https:\/\/fitlife.ee\/eeden?page_id=4139"},"modified":"2024-01-31T11:49:07","modified_gmt":"2024-01-31T09:49:07","slug":"veebikalender","status":"publish","type":"page","link":"https:\/\/fitlife.ee\/eeden\/veebikalender\/","title":{"rendered":"Veebikalender"},"content":{"rendered":"<p>[et_pb_section fb_built=&#8221;1&#8243; custom_padding_last_edited=&#8221;off|desktop&#8221; admin_label=&#8221;Header&#8221; _builder_version=&#8221;4.16&#8243; background_color=&#8221;#2a2e40&#8243; use_background_color_gradient=&#8221;on&#8221; background_color_gradient_type=&#8221;circular&#8221; background_color_gradient_direction_radial=&#8221;top right&#8221; background_color_gradient_stops=&#8221;rgba(42,46,64,0.34) 0%|#2a2e40 90%&#8221; background_color_gradient_overlays_image=&#8221;on&#8221; background_color_gradient_start=&#8221;rgba(42,46,64,0.34)&#8221; background_color_gradient_end=&#8221;#2a2e40&#8243; background_color_gradient_end_position=&#8221;90%&#8221; background_image=&#8221;https:\/\/fitlife.ee\/eeden\/wp-content\/uploads\/2020\/05\/fitlife-treeningud.jpg&#8221; background_position=&#8221;top_right&#8221; custom_margin=&#8221;-300px||||false|false&#8221; custom_margin_tablet=&#8221;&#8221; custom_margin_phone=&#8221;&#8221; custom_margin_last_edited=&#8221;on|phone&#8221; custom_padding=&#8221;||0px&#8221; custom_padding_tablet=&#8221;0vw||&#8221; custom_padding_phone=&#8221;0vw||&#8221; hover_enabled=&#8221;0&#8243; collapsed=&#8221;on&#8221; global_colors_info=&#8221;{}&#8221; sticky_enabled=&#8221;0&#8243;][et_pb_row module_class=&#8221; et_pb_row_fullwidth&#8221; _builder_version=&#8221;4.16&#8243; width=&#8221;89%&#8221; width_tablet=&#8221;80%&#8221; width_phone=&#8221;&#8221; width_last_edited=&#8221;on|desktop&#8221; max_width=&#8221;89%&#8221; max_width_tablet=&#8221;80%&#8221; max_width_phone=&#8221;&#8221; max_width_last_edited=&#8221;on|desktop&#8221; custom_margin=&#8221;200px||||false|false&#8221; mix_blend_mode=&#8221;overlay&#8221; make_fullwidth=&#8221;on&#8221; global_colors_info=&#8221;{}&#8221;][et_pb_column type=&#8221;4_4&#8243; _builder_version=&#8221;4.16&#8243; custom_padding=&#8221;|||&#8221; global_colors_info=&#8221;{}&#8221; custom_padding__hover=&#8221;|||&#8221;][et_pb_text _builder_version=&#8221;4.16&#8243; text_font=&#8221;||||||||&#8221; text_text_color=&#8221;rgba(255,255,255,0.5)&#8221; text_font_size=&#8221;10vw&#8221; text_line_height=&#8221;0em&#8221; header_font=&#8221;Oswald|||on|||||&#8221; header_font_size=&#8221;80px&#8221; header_letter_spacing=&#8221;20px&#8221; header_line_height=&#8221;1.2em&#8221; background_layout=&#8221;dark&#8221; custom_margin=&#8221;||0.1em||false|false&#8221; custom_margin_phone=&#8221;||0em&#8221; custom_margin_last_edited=&#8221;off|desktop&#8221; filter_blur=&#8221;5px&#8221; animation_style=&#8221;slide&#8221; animation_direction=&#8221;left&#8221; animation_duration=&#8221;2000ms&#8221; animation_intensity_slide=&#8221;2%&#8221; text_font_size_tablet=&#8221;30vw&#8221; text_font_size_phone=&#8221;&#8221; text_font_size_last_edited=&#8221;on|desktop&#8221; header_font_size_tablet=&#8221;40px&#8221; header_font_size_phone=&#8221;30px&#8221; header_font_size_last_edited=&#8221;on|desktop&#8221; global_colors_info=&#8221;{}&#8221;]<\/p>\n<p>FitLife<\/p>\n<p>[\/et_pb_text][\/et_pb_column][\/et_pb_row][et_pb_row _builder_version=&#8221;4.16&#8243; module_alignment=&#8221;left&#8221; custom_padding=&#8221;0|0px|0|0px|true|false&#8221; global_colors_info=&#8221;{}&#8221;][et_pb_column type=&#8221;4_4&#8243; _builder_version=&#8221;4.16&#8243; custom_padding=&#8221;|||&#8221; global_colors_info=&#8221;{}&#8221; custom_padding__hover=&#8221;|||&#8221;][et_pb_divider color=&#8221;rgba(255,255,255,0.31)&#8221; divider_style=&#8221;dashed&#8221; _builder_version=&#8221;4.16&#8243; custom_padding=&#8221;50px||||false|false&#8221; global_colors_info=&#8221;{}&#8221;][\/et_pb_divider][\/et_pb_column][\/et_pb_row][et_pb_row custom_padding_last_edited=&#8221;on|desktop&#8221; _builder_version=&#8221;4.16&#8243; width=&#8221;90%&#8221; max_width=&#8221;90%&#8221; custom_margin=&#8221;||&#8221; custom_padding=&#8221;||50px|10%|false|false&#8221; custom_padding_tablet=&#8221;||40px|0%&#8221; custom_padding_phone=&#8221;&#8221; use_custom_width=&#8221;on&#8221; width_unit=&#8221;off&#8221; custom_width_percent=&#8221;90%&#8221; global_colors_info=&#8221;{}&#8221;][et_pb_column type=&#8221;4_4&#8243; _builder_version=&#8221;4.16&#8243; custom_padding=&#8221;|||&#8221; global_colors_info=&#8221;{}&#8221; custom_padding__hover=&#8221;|||&#8221;][et_pb_post_title meta=&#8221;off&#8221; featured_image=&#8221;off&#8221; _builder_version=&#8221;4.16&#8243; _module_preset=&#8221;default&#8221; title_font=&#8221;|300||on|||||&#8221; title_text_color=&#8221;#ffffff&#8221; title_letter_spacing=&#8221;5px&#8221; title_font_size_tablet=&#8221;&#8221; title_font_size_phone=&#8221;18px&#8221; title_font_size_last_edited=&#8221;on|phone&#8221; title_letter_spacing_tablet=&#8221;&#8221; title_letter_spacing_phone=&#8221;3px&#8221; title_letter_spacing_last_edited=&#8221;on|phone&#8221; global_colors_info=&#8221;{}&#8221;][\/et_pb_post_title][\/et_pb_column][\/et_pb_row][\/et_pb_section][et_pb_section fb_built=&#8221;1&#8243; _builder_version=&#8221;4.16&#8243; use_background_color_gradient=&#8221;on&#8221; background_color_gradient_stops=&#8221;#ffffff 0%|rgba(255,255,255,0.86) 100%&#8221; background_color_gradient_overlays_image=&#8221;on&#8221; background_color_gradient_start=&#8221;#ffffff&#8221; background_color_gradient_end=&#8221;rgba(255,255,255,0.86)&#8221; background_image=&#8221;https:\/\/fitlife.ee\/eedenwp-content\/uploads\/2020\/05\/gym_10-1.jpg&#8221; custom_margin=&#8221;0px||||false|false&#8221; custom_padding=&#8221;0vw||6vw||false|false&#8221; global_colors_info=&#8221;{}&#8221; parallax_method_1__hover=&#8221;on&#8221; parallax_method_1__hover_enabled=&#8221;on&#8221; parallax_method_2__hover=&#8221;on&#8221; parallax_method_2__hover_enabled=&#8221;on&#8221; parallax_method_3__hover=&#8221;on&#8221; parallax_method_3__hover_enabled=&#8221;on&#8221; border_radii__hover=&#8221;on||||&#8221; border_radii__hover_enabled=&#8221;on||||&#8221; animation_repeat__hover=&#8221;once&#8221; animation_repeat__hover_enabled=&#8221;once&#8221;][et_pb_row _builder_version=&#8221;4.19.4&#8243; background_size=&#8221;initial&#8221; background_position=&#8221;top_left&#8221; background_repeat=&#8221;repeat&#8221; width=&#8221;95%&#8221; max_width=&#8221;2560px&#8221; custom_margin=&#8221;0px||||false|false&#8221; custom_padding=&#8221;0px||||false|false&#8221; hover_enabled=&#8221;0&#8243; global_colors_info=&#8221;{}&#8221; sticky_enabled=&#8221;0&#8243;][et_pb_column type=&#8221;4_4&#8243; _builder_version=&#8221;4.16&#8243; custom_padding=&#8221;|||&#8221; global_colors_info=&#8221;{}&#8221; custom_padding__hover=&#8221;|||&#8221;][et_pb_text _builder_version=&#8221;4.19.4&#8243; _module_preset=&#8221;default&#8221; text_text_color=&#8221;#ffffff&#8221; text_font_size=&#8221;14px&#8221; header_text_color=&#8221;#ffffff&#8221; background_color=&#8221;#e02b20&#8243; custom_margin=&#8221;||0px||false|false&#8221; custom_padding=&#8221;5px||5px|8px|true|false&#8221; hover_enabled=&#8221;0&#8243; global_colors_info=&#8221;{}&#8221; sticky_enabled=&#8221;0&#8243;]<\/p>\n<p>NB! Tund toimub, kui registreerinud on v\u00e4hemalt 3 inimest. Kui 2h enne treeningut on kirjas v\u00e4hem inimesi, siis tundi ei toimu. V\u00f5imalik teha videotreeningut.<\/p>\n<p>[\/et_pb_text][et_pb_text _builder_version=&#8221;4.16&#8243; _module_preset=&#8221;default&#8221; global_colors_info=&#8221;{}&#8221;]<?php \/* Template Name: Web calendar *\/ ?><br \/>\n<?php get_header(); ?>\n<link rel=\"stylesheet\" type=\"text\/css\" href=\"\/\/www.compucash5.com\/fitlife\/ecal\/style\/fitlife\/css.php\" \/>\n<div id=\"webcalendar\">\n<div class=\"container\">\n<div class=\"row\">\n<h1 class=\"main-heading\"><?php the_title(); ?><\/h1>\n<div class=\"row price-list-background\">\n\t\t\t\t<?php if(have_posts()) : ?><br \/>\n\t\t\t\t   <?php while(have_posts()) : the_post(); ?><\/p>\n<div id=\"post-<?php the_ID(); ?>&#8221; <?php post_class(); ?>><\/p>\n<div class=\"row\">\n<div class=\"col-md-6 col-md-offset-3\">\n<div class=\"text-center\"><?php the_content(); ?><\/div>\n<\/p><\/div>\n<\/p><\/div>\n<\/p><\/div>\n<p>\t\t\t\t   <?php endwhile; ?><\/p>\n<p>\t\t\t\t<?php endif; ?><\/p>\n<hr\/>\n<div id=\"CCALcontainer\" style=\"background-color:rgba(255,255,255, 0.8);\"><\/div>\n<\/p><\/div>\n<\/p><\/div>\n<\/p><\/div>\n<\/div>\n<p><script type=\"text\/javascript\" src=\"https:\/\/code.jquery.com\/jquery-1.11.3.min.js\" ><\/script><br \/>\n<script type=\"text\/javascript\" src=\"\/\/www.compucash5.com\/fitlife\/ecal\/script\/fitlife\/script.js\"><\/script><br \/>\n<script>\njQuery('#CCALcontainer').eventCalendar();\n<\/script><br \/>\n<?php get_footer(); ?>[\/et_pb_text][\/et_pb_column][\/et_pb_row][\/et_pb_section]<\/p>\n","protected":false},"excerpt":{"rendered":"<p>FitLifeNB! Tund toimub, kui registreerinud on v\u00e4hemalt 3 inimest. Kui 2h enne treeningut on kirjas v\u00e4hem inimesi, siis tundi ei toimu. V\u00f5imalik teha videotreeningut.<\/p>\n","protected":false},"author":1,"featured_media":0,"parent":0,"menu_order":0,"comment_status":"closed","ping_status":"closed","template":"","meta":{"_et_pb_use_builder":"on","_et_pb_old_content":"<?php \/* Template Name: Web calendar *\/ ?>\r\n<?php get_header(); ?>\r\n<link rel=\"stylesheet\" type=\"text\/css\" href=\"\/\/www.compucash5.com\/fitlife\/ecal\/style\/fitlife\/css.php\" \/>\r\n<div id=\"webcalendar\">\r\n\t<div class=\"container\">\r\n\t\t<div class=\"row\">\r\n\t\t\t<h1 class=\"main-heading\"><?php the_title(); ?><\/h1>\r\n\t\t\t<div class=\"row price-list-background\">\r\n\t\t\t\t<?php if(have_posts()) : ?>\r\n\t\t\t\t   <?php while(have_posts()) : the_post(); ?>\r\n\t\t\t\t\t<div id=\"post-<?php the_ID(); ?>\" <?php post_class(); ?>>\r\n\t\t\t\t\t\t<div class=\"row\">\r\n\t\t\t\t\t\t\t<div class=\"col-md-6 col-md-offset-3\">\r\n\t\t\t\t\t\t\t\t<div class=\"text-center\"><?php the_content(); ?><\/div>\r\n\t\t\t\t\t\t\t<\/div>\r\n\t\t\t\t\t\t<\/div>\r\n\t\t\t\t\t<\/div>\r\n\t\t\t\t   <?php endwhile; ?>\r\n\t\t\t\r\n\t\t\t\t<?php endif; ?>\r\n\t\t\t\t<hr\/>\r\n\t\t\t\t<div id=\"CCALcontainer\" style=\"background-color:rgba(255,255,255, 0.8);\"><\/div>\r\n\t\t\t<\/div>\r\n\t\t<\/div>\r\n\t<\/div>\r\n<\/div>\r\n<script type=\"text\/javascript\" src=\"https:\/\/code.jquery.com\/jquery-1.11.3.min.js\" ><\/script>\r\n<script type=\"text\/javascript\" src=\"\/\/www.compucash5.com\/fitlife\/ecal\/script\/fitlife\/script.js\"><\/script>\r\n<script>\r\njQuery('#CCALcontainer').eventCalendar();\r\n<\/script>\r\n<?php get_footer(); ?>","_et_gb_content_width":"","footnotes":""},"class_list":["post-4139","page","type-page","status-publish","hentry"],"yoast_head":"<!-- This site is optimized with the Yoast SEO plugin v27.1.1 - https:\/\/yoast.com\/product\/yoast-seo-wordpress\/ -->\n<title>Veebikalender - FitLife Tartu Eeden<\/title>\n<meta name=\"description\" content=\"R\u00fchmatreeningud ja j\u00f5usaali treeningute tunniplaan. Treeningusse registreerimiseks logi sisse!\" \/>\n<meta name=\"robots\" content=\"index, follow, max-snippet:-1, max-image-preview:large, max-video-preview:-1\" \/>\n<link rel=\"canonical\" href=\"https:\/\/fitlife.ee\/eeden\/veebikalender\/\" \/>\n<meta property=\"og:locale\" content=\"et_EE\" \/>\n<meta property=\"og:type\" content=\"article\" \/>\n<meta property=\"og:title\" content=\"Veebikalender - FitLife Tartu Eeden\" \/>\n<meta property=\"og:description\" content=\"R\u00fchmatreeningud ja j\u00f5usaali treeningute tunniplaan. Treeningusse registreerimiseks logi sisse!\" \/>\n<meta property=\"og:url\" content=\"https:\/\/fitlife.ee\/eeden\/veebikalender\/\" \/>\n<meta property=\"og:site_name\" content=\"FitLife Tartu Eeden\" \/>\n<meta property=\"article:modified_time\" content=\"2024-01-31T09:49:07+00:00\" \/>\n<meta name=\"twitter:card\" content=\"summary_large_image\" \/>\n<meta name=\"twitter:label1\" content=\"Est. reading time\" \/>\n\t<meta name=\"twitter:data1\" content=\"2 minutit\" \/>\n<script type=\"application\/ld+json\" class=\"yoast-schema-graph\">{\"@context\":\"https:\/\/schema.org\",\"@graph\":[{\"@type\":\"WebPage\",\"@id\":\"https:\/\/fitlife.ee\/eeden\/veebikalender\/\",\"url\":\"https:\/\/fitlife.ee\/eeden\/veebikalender\/\",\"name\":\"Veebikalender - FitLife Tartu Eeden\",\"isPartOf\":{\"@id\":\"https:\/\/fitlife.ee\/eeden\/#website\"},\"datePublished\":\"2020-08-23T11:45:25+00:00\",\"dateModified\":\"2024-01-31T09:49:07+00:00\",\"description\":\"R\u00fchmatreeningud ja j\u00f5usaali treeningute tunniplaan. Treeningusse registreerimiseks logi sisse!\",\"breadcrumb\":{\"@id\":\"https:\/\/fitlife.ee\/eeden\/veebikalender\/#breadcrumb\"},\"inLanguage\":\"et\",\"potentialAction\":[{\"@type\":\"ReadAction\",\"target\":[\"https:\/\/fitlife.ee\/eeden\/veebikalender\/\"]}]},{\"@type\":\"BreadcrumbList\",\"@id\":\"https:\/\/fitlife.ee\/eeden\/veebikalender\/#breadcrumb\",\"itemListElement\":[{\"@type\":\"ListItem\",\"position\":1,\"name\":\"Home\",\"item\":\"https:\/\/fitlife.ee\/eeden\/\"},{\"@type\":\"ListItem\",\"position\":2,\"name\":\"Veebikalender\"}]},{\"@type\":\"WebSite\",\"@id\":\"https:\/\/fitlife.ee\/eeden\/#website\",\"url\":\"https:\/\/fitlife.ee\/eeden\/\",\"name\":\"FitLife Tartu Eeden\",\"description\":\"Spordiklubi Tartus Eedeni keskuses\",\"potentialAction\":[{\"@type\":\"SearchAction\",\"target\":{\"@type\":\"EntryPoint\",\"urlTemplate\":\"https:\/\/fitlife.ee\/eeden\/?s={search_term_string}\"},\"query-input\":{\"@type\":\"PropertyValueSpecification\",\"valueRequired\":true,\"valueName\":\"search_term_string\"}}],\"inLanguage\":\"et\"}]}<\/script>\n<!-- \/ Yoast SEO plugin. -->","yoast_head_json":{"title":"Veebikalender - FitLife Tartu Eeden","description":"R\u00fchmatreeningud ja j\u00f5usaali treeningute tunniplaan. Treeningusse registreerimiseks logi sisse!","robots":{"index":"index","follow":"follow","max-snippet":"max-snippet:-1","max-image-preview":"max-image-preview:large","max-video-preview":"max-video-preview:-1"},"canonical":"https:\/\/fitlife.ee\/eeden\/veebikalender\/","og_locale":"et_EE","og_type":"article","og_title":"Veebikalender - FitLife Tartu Eeden","og_description":"R\u00fchmatreeningud ja j\u00f5usaali treeningute tunniplaan. Treeningusse registreerimiseks logi sisse!","og_url":"https:\/\/fitlife.ee\/eeden\/veebikalender\/","og_site_name":"FitLife Tartu Eeden","article_modified_time":"2024-01-31T09:49:07+00:00","twitter_card":"summary_large_image","twitter_misc":{"Est. reading time":"2 minutit"},"schema":{"@context":"https:\/\/schema.org","@graph":[{"@type":"WebPage","@id":"https:\/\/fitlife.ee\/eeden\/veebikalender\/","url":"https:\/\/fitlife.ee\/eeden\/veebikalender\/","name":"Veebikalender - FitLife Tartu Eeden","isPartOf":{"@id":"https:\/\/fitlife.ee\/eeden\/#website"},"datePublished":"2020-08-23T11:45:25+00:00","dateModified":"2024-01-31T09:49:07+00:00","description":"R\u00fchmatreeningud ja j\u00f5usaali treeningute tunniplaan. Treeningusse registreerimiseks logi sisse!","breadcrumb":{"@id":"https:\/\/fitlife.ee\/eeden\/veebikalender\/#breadcrumb"},"inLanguage":"et","potentialAction":[{"@type":"ReadAction","target":["https:\/\/fitlife.ee\/eeden\/veebikalender\/"]}]},{"@type":"BreadcrumbList","@id":"https:\/\/fitlife.ee\/eeden\/veebikalender\/#breadcrumb","itemListElement":[{"@type":"ListItem","position":1,"name":"Home","item":"https:\/\/fitlife.ee\/eeden\/"},{"@type":"ListItem","position":2,"name":"Veebikalender"}]},{"@type":"WebSite","@id":"https:\/\/fitlife.ee\/eeden\/#website","url":"https:\/\/fitlife.ee\/eeden\/","name":"FitLife Tartu Eeden","description":"Spordiklubi Tartus Eedeni keskuses","potentialAction":[{"@type":"SearchAction","target":{"@type":"EntryPoint","urlTemplate":"https:\/\/fitlife.ee\/eeden\/?s={search_term_string}"},"query-input":{"@type":"PropertyValueSpecification","valueRequired":true,"valueName":"search_term_string"}}],"inLanguage":"et"}]}},"_links":{"self":[{"href":"https:\/\/fitlife.ee\/eeden\/wp-json\/wp\/v2\/pages\/4139","targetHints":{"allow":["GET"]}}],"collection":[{"href":"https:\/\/fitlife.ee\/eeden\/wp-json\/wp\/v2\/pages"}],"about":[{"href":"https:\/\/fitlife.ee\/eeden\/wp-json\/wp\/v2\/types\/page"}],"author":[{"embeddable":true,"href":"https:\/\/fitlife.ee\/eeden\/wp-json\/wp\/v2\/users\/1"}],"replies":[{"embeddable":true,"href":"https:\/\/fitlife.ee\/eeden\/wp-json\/wp\/v2\/comments?post=4139"}],"version-history":[{"count":17,"href":"https:\/\/fitlife.ee\/eeden\/wp-json\/wp\/v2\/pages\/4139\/revisions"}],"predecessor-version":[{"id":6736,"href":"https:\/\/fitlife.ee\/eeden\/wp-json\/wp\/v2\/pages\/4139\/revisions\/6736"}],"wp:attachment":[{"href":"https:\/\/fitlife.ee\/eeden\/wp-json\/wp\/v2\/media?parent=4139"}],"curies":[{"name":"wp","href":"https:\/\/api.w.org\/{rel}","templated":true}]}}